{"id":5953,"date":"2022-11-19T17:30:19","date_gmt":"2022-11-19T17:30:19","guid":{"rendered":"https:\/\/allanatolian.com\/en\/?page_id=5953"},"modified":"2022-11-19T17:35:40","modified_gmt":"2022-11-19T17:35:40","slug":"privacy-policy","status":"publish","type":"page","link":"https:\/\/allanatolian.com\/en\/privacy-policy\/","title":{"rendered":"Privacy Policy"},"content":{"rendered":"\n\t<div id=\"gap-2021864496\" class=\"gap-element clearfix\" style=\"display:block; height:auto;\">\n\t\t\n<style>\n#gap-2021864496 {\n  padding-top: 40px;\n}\n<\/style>\n\t<\/div>\n\t\n\n\t<div id=\"text-209859929\" class=\"text\">\n\t\t\n\n<p><b>PRIVACY STATEMENT<\/b><br>We are extremely concerned to protect your privacy and confidentiality. We<br>understand that all users of our site are quite rightly concerned to know that their<br>data will not be used for any purpose unintended by them, and will not fall into the<br>hands of a third party. Our policy is both specific and strict. If you think our policy<br>falls short of your expectations or that we are failing to abide by our policy, do<br>please tell us. We are constantly vigilant for credit card or other fraud. We report<br>all charge backs to a credit reference agency.<\/p>\n<p><br><strong>SECTION 1 &#8211; WHAT INFORMATION DO WE COLLECT?<\/strong><br><strong>Personal information you disclose to us:<\/strong> We collect personal information that<br>you voluntarily provide to us when you register on the services,&nbsp;express an interest<br>in obtaining information about us or our products and services, when you<br>participate in activities on the Services, or otherwise when you contact us.<br><strong>Personal Information Provided by You:<\/strong> The personal information that we collect<br>depends on the context of your interactions with us and the Services, the choices<br>you make, and the products and features you use. The personal information we<br>collect may include the following:<\/p>\n<p><br>1. Names<br>2. Phone numbers<br>3. Email addresses<br>4. Mailing addresses<br>5. Usernames<br>6. Passwords<br>7. Contact preferences<br>8. Contact or authentication data<br>9. Billing addresses<br>10. Debit\/credit card numbers<\/p>\n<p><br><strong>Sensitive Information:<\/strong> We do not process sensitive information.<\/p>\n<p><br>All personal information that you provide to us must be true, complete, and<br>accurate, and you must notify us of any changes to such personal information.<\/p>\n<p><br><strong>Information automatically collected:<\/strong> We automatically collect certain information<br>when you visit, use, or navigate the Services. This information does not reveal<br>your specific identity (like your name or contact information) but may include<br>device and usage information, such as your IP address, browser and device<br>characteristics, operating system, language preferences, referring URLs, device<br>name, country, location, information about how and when you use our Services,<br>and other technical information. This information is primarily needed to maintain<br>the security and operation of our Services, and for our internal analytics and<br>reporting purposes.<br>Like many businesses, we also collect information through cookies and similar<br>technologies.<br>The information we collect includes:<\/p>\n<p><strong>Log and Usage Data:<\/strong>&nbsp;Log and usage data is service-related, diagnostic,<br>usage, and performance information our servers automatically collect when you<br>access or use our Services and which we record in log files. Depending on how<br>you interact with us, this log data may include your IP address, device<br>information, browser type, and settings and information about your activity in<br>the services&nbsp;(such as the date\/time stamps associated with your usage, pages<br>and files viewed, searches, and other actions you take such as which features<br>you use), device event information (such as system activity, error reports<br>(sometimes called \u201ccrash dumps\u201d), and hardware settings).<\/p>\n<p><br><strong>Location Data:<\/strong>&nbsp;We collect location data such as information about your<br>device\u2019s location, which can be either precise or imprecise. How much<br>information we collect depends on the type and settings of the device you use<br>to access the Services. For example, we may use GPS and other technologies<br>to collect geolocation data that tells us your current location (based on your IP<br>address). You can opt out of allowing us to collect this information either by<br>refusing access to the information or by disabling your Location setting on your<br>device. However, if you choose to opt out, you may not be able to use certain<br>aspects of the Services.<\/p>\n<p><br><strong>SECTION 2 &#8211; WHAT DO WE DO WITH YOUR INFORMATION?<\/strong><br>We process your personal information for a variety of reasons, depending on how<br>you interact with our services, including:<\/p>\n<p><br>1. To facilitate account creation and authentication and otherwise manage user<br>accounts.&nbsp;We may process your information so you can create and log in to<br>your account, as well as keep your account in working order.<br>2. To deliver and facilitate delivery of services to the user.&nbsp;We may process<br>your information to provide you with the requested service.<br>3. To respond to user inquiries\/offer support to users.&nbsp;We may process your<br>information to respond to your inquiries and solve any potential issues you<br>might have with the requested service.<br>4. To send administrative information to you.&nbsp;We may process your information<br>to send you details about our products and services, changes to our terms<br>and policies, and other similar information.<br>5. To fulfill and manage your orders.&nbsp;We may process your information to fulfill<br>and manage your orders, payments, returns, and exchanges made through<br>the Services.<br>6. To request feedback.&nbsp;We may process your information when necessary to<br>request feedback and to contact you about your use of our Services.<br>7. To send you marketing and promotional communications.&nbsp;We may process<br>the personal information you send to us for our marketing purposes, if this is<br>in accordance with your marketing preferences. You can opt out of our<br>marketing emails at any time.<br>8. To evaluate and improve our Services, products, marketing, and your<br>experience.&nbsp;We may process your information when we believe it is<br>necessary to identify usage trends, determine the effectiveness of our<br>promotional campaigns, and to evaluate and improve our Services,<br>products, marketing, and your experience.<br>9. To comply with our legal obligations.&nbsp;We may process your information to<br>comply with our legal obligations, respond to legal requests, and exercise,<br>establish, or defend our legal rights.<\/p>\n<p><strong>SECTION 3 &#8211; CONSENT<\/strong><\/p>\n<p><strong>How do we get your consent?<\/strong><br>When you provide us with personal information to complete a transaction, verify<br>your credit card, place an order, arrange for a delivery or return a purchase, we<br>imply that you consent to our collecting it and using it for that specific reason only.<br>If we ask for your personal information for a secondary reason, like marketing, we<br>will either ask you directly for your expressed consent, or provide you with an<br>opportunity to say no.<\/p>\n<p><br><strong>How do you withdraw your consent?<\/strong><br>If after you opt in, you change your mind, you may withdraw your consent for us to<br>contact you, for the continued collection, use or disclosure of your information, at<br>anytime, by contacting us at info@allanatolian.com or mailing us at: EKAY<br>Elektronik Hizmetleri \u0130\u00e7 ve D\u0131\u015f Tic. Ltd. Co. | All Anatolian, Remzi O\u011fuz Ar\u0131k Mah.<br>Tunal\u0131 Hilmi Cad. No: 88-B\/39, \u00c7ankaya, Ankara TR 06680<\/p>\n<p><br><strong>SECTION 4 &#8211; AGE OF CONSENT<\/strong><br>By using this site, you represent that you are at least the age of majority in your<br>state or province of residence, or that you are the age of majority in your state or<br>province of residence and you have given us your consent to allow any of your<br>minor dependents to use this site.<\/p>\n<p><br><strong>SECTION 5 &#8211; HOW LONG DO WE KEEP YOUR INFORMATION?<\/strong><\/p>\n<p>We will only keep your personal information for as long as it is necessary for the<br>purposes set out in this privacy notice, unless a longer retention period is required<br>or permitted by law (such as tax, accounting, or other legal requirements). No<br>purpose in this notice will require us keeping your personal information for longer<br>than the period of time in which users have an account with us.<br>When we have no ongoing legitimate business need to process your personal<br>information, we will either delete or anonymize such information, or, if this is not<br>possible (for example, because your personal information has been stored in<br>backup archives), then we will securely store your personal information and isolate<br>it from any further processing until deletion is possible.<\/p>\n<p><br><strong>SECTION 6 &#8211; DISCLOSURE<\/strong><br>Disclosure to Government and their agencies: We are subject to the law like<br>everyone else. We may be required to give information to legal authorities if they<br>so request or if they have the proper authorization such as a search warrant or<br>court order.<\/p>\n<p><br><strong>SECTION 7 &#8211; THIRD-PARTY SERVICES<\/strong><br>In general, the third-party providers used by us will only collect, use and disclose<br>your information to the extent necessary to allow them to perform the services they<br>provide to us.<br>However, certain third-party service providers, such as payment gateways and<br>other payment transaction processors, have their own privacy policies in respect to<br>the information we are required to provide to them for your purchase-related<br>transactions.<br>For these providers, we recommend that you read their privacy policies so you can<\/p>\n<p>understand the manner in which your personal information will be handled by these<br>providers.<br>In particular, remember that certain providers may be located in or have facilities<br>that are located a different jurisdiction than either you or us. So if you elect to<br>proceed with a transaction that involves the services of a third-party service<br>provider, then your information may become subject to the laws of the<br>jurisdiction(s) in which that service provider or its facilities are located.<br>As an example, if you are located in Canada and your transaction is processed by<br>a payment gateway located in the United States, then your personal information<br>used in completing that transaction may be subject to disclosure under United<br>States legislation, including the Patriot Act.<br>Once you leave our store\u2019s website or are redirected to a third-party website or<br>application, you are no longer governed by this Privacy Policy or our website\u2019s<br>Terms of Service.<br><strong>Links:<\/strong> When you click on links on our store, they may direct you away from our<br>site. We are not responsible for the privacy practices of other sites and encourage<br>you to read their privacy statements.<br>Google analytics; Our store uses Google Analytics to help us learn about who<br>visits our site and what pages are being looked at.<\/p>\n<p><br><strong>SECTION 8 &#8211; HOW DO WE KEEP YOUR INFORMATION SAFE?<\/strong><br>We have implemented appropriate and reasonable technical and organizational<br>security measures designed to protect the security of any personal information we<br>process. However, despite our safeguards and efforts to secure your information,<br>no electronic transmission over the Internet or information storage technology can<br>be guaranteed to be 100% secure, so we cannot promise or guarantee that<br>hackers, cybercriminals, or other unauthorized third parties will not be able to<br>defeat our security and improperly collect, access, steal, or modify your<br>information. Although we will do our best to protect your personal information,<br>transmission of personal information to and from our services is at your own risk.<br>You should only access the Services within a secure environment.<br><strong>Payment:<\/strong> When you provide us with your credit card information, the information<br>is encrypted using secure socket layer technology (SSL) <em>and stored with a AES-<\/em><br><em>256<\/em> encryption.&nbsp; Although no method of transmission over the Internet or electronic<br>storage is 100% secure, <em>we follow all PCI-DSS requirements and implement<\/em><br><em>additional generally accepted industry standards.<\/em><\/p>\n<p><br><strong>SECTION 9 &#8211; DO WE USE COOKIES AND OTHER TRACKING TECHNOLOGIES?<\/strong><br>Our web site uses &#8220;cookies.&#8221; A cookie is a small amount of data that is sent to your<br>internet browser from a web server and stored on your computer&#8217;s hard drive.<br>Generally, we use cookies to remind us of who you are, tailor our products and<br>services to suit your personal interests, estimate our audience size, track visits to<br>and sales at our store, and process your order, track your status in our promotions,<br>contests and sweepstakes, and\/or analyzing your visiting patterns. You can<br>generally set your browser to not accept cookies or to notify you when you are sent<br>a cookie, giving you the chance to decide whether or not to accept.<\/p>\n<p><br><strong>SECTION 10 &#8211; DO WE MAKE UPDATES TO PRIVACY NOTICE?<\/strong><br>We reserve the right to update this privacy policy at any time, so please review it<\/p>\n<p>frequently. Changes and clarifications will take effect immediately upon their<br>posting on the website. If we make material changes to this policy, we will notify<br>you here that it has been updated, so that you are aware of what information we<br>collect, how we use it, and under what circumstances, if any, we use and\/or<br>disclose it.<br>If our store is acquired or merged with another company, your information may be<br>transferred to the new owners so that we may continue to sell products to you.<\/p>\n<p><br><strong>SECTION 11 &#8211; QUESTIONS AND CONTACT INFORMATION<\/strong><br>If you would like to: access, correct, amend or delete any personal information we<br>have about you, register a complaint, or simply want more information contact our<br>Privacy Compliance Officer at info@allanatolian.com or by mail at<br>EKAY Elektronik Hizmetleri \u0130\u00e7 ve D\u0131\u015f Tic. Ltd. Co. | All Anatolian, Remzi O\u011fuz Ar\u0131k<br>Mah. Tunal\u0131 Hilmi Cad. No: 88-B\/39, \u00c7ankaya, Ankara TR 06680<\/p>\n<p><strong>PRIVACY POLICY<\/strong><br>We are extremely concerned to protect your privacy and confidentiality. We understand that all<br>users of our site are quite rightly concerned to know that their data will not be used for any<br>purpose unintended by them, and will not fall into the hands of a third party. Our policy is both<br>specific and strict. If you think our policy falls short of your expectations or that we are failing to<br>abide by our policy, do please tell us. We are constantly vigilant for credit card or other fraud.&nbsp; We<br>report all charge backs to a credit reference agency.<br>If you have any reason to seek the return of money paid, please contact us rather than your credit<br>card issuer. Information may be unlawfully available to hackers and snoopers. We take no<br>responsibility for this. The risk is no different from a similar risk in a bricks and mortar<br>establishment. Except as set out below, we do not share, or sell, or disclose to a third party, any<br>personally identifiable information collected at this site.<br>If this policy should change in the future (most unlikely), then we shall provide notification in<br>advance, and the opportunity for all users to indicate whether or not they would prefer that we do<br>not provide the information to third parties as proposed. Here is a list of the information we<br>collect, and why it is necessary to collect it:<br>Basic identification and contact information, such as your name and contact details. This<br>information is used:<br>&nbsp; i.&nbsp; &nbsp; to provide you with the services which you request;<\/p>\n<p>&nbsp; ii.&nbsp; &nbsp;to maintain our accounts;<br>&nbsp; iii.&nbsp; for billing;<br>&nbsp; iv.&nbsp; to enable us to answer your enquiries;<br>&nbsp; v.&nbsp; &nbsp;for verifying your identity for security purposes;<br>&nbsp; vi.&nbsp; for marketing our services and products;<br>&nbsp; vii. to help make our web site as useful to you as possible.<br>Information which does not identify any individual may be used in a general way by us or third<br>parties, to provide class information, for example relating to demographics or usage of a<br>particular page or service.<br>Cookies: Our web site uses &#8220;cookies.&#8221; A cookie is a small amount of data that is sent to your<br>internet browser from a web server and stored on your computer&#8217;s hard drive. Generally, we use<br>cookies to remind us of who you are, tailor our products and services to suit your personal<br>interests, estimate our audience size, track visits to and sales at our store, and process your<br>order, track your status in our promotions, contests and sweepstakes, and\/or analyzing your<br>visiting patterns. You can generally set your browser to not accept cookies or to notify you when<br>you are sent a cookie, giving you the chance to decide whether or not to accept it.<br>Your domain name and e-mail address are recognized by our servers and the pages that you visit<br>are recorded. This information is used:<br>i.&nbsp; &nbsp; in a collective way not referable to any particular individual, for the purpose of quality control<br>and improvement of our site;<br>ii.&nbsp; &nbsp;to send you news about the services to which you have signed up;<br>iii.&nbsp; to tell you about other of our services.<\/p>\n<p>Financial information, including credit card details are used to obtain payment for goods and<br>services you have ordered from us. This information is never actually received by us. The page<br>where this information is given by you is controlled by our contract banks. Such information is<br>automatically encrypted, and later decrypted for use. It never touches our system.<br>Information volunteered by you for a particular purpose, for example a personal profile, survey,<br>job application form, or contest.&nbsp; This information will be used exclusively for the purpose for<br>which you have provided it. Information is disclosed to third parties only where the third party<br>concerned qualifies in whatever way the web site page requires.&nbsp; We will make absolutely clear<br>on the face of the page, any intention to publicize the name of a winner.<br>Business information is given to us in the course of your business and ours such as in relation to<br>your application to partner with us or advertise with us. Such information is retained for business<br>use only. We undertake to preserve the confidentiality of the information and of the terms of our<br>relationship. It is not used for any other purpose. We expect you and any partner to reciprocate<br>this policy.<br>Disclosure to Government and their agencies: We are subject to the law like everyone else. We<br>may be required to give information to legal authorities if they so request or if they have the<br>proper authorization such as a search warrant or court order.<br>Information request: At any time you may review or update the personally identifiable information<br>that we hold about you, by contacting us via e-mail. To better safeguard your information, we will<\/p>\n<p>also take reasonable steps to verify your identity before granting access or making corrections to<br>your information.<\/p>\n\t\t\n<style>\n#text-209859929 {\n  text-align: left;\n}\n<\/style>\n\t<\/div>\n\t\n\t<div id=\"gap-2123678614\" class=\"gap-element clearfix\" style=\"display:block; height:auto;\">\n\t\t\n<style>\n#gap-2123678614 {\n  padding-top: 40px;\n}\n<\/style>\n\t<\/div>\n\t\n\n\n","protected":false},"excerpt":{"rendered":"","protected":false},"author":1,"featured_media":0,"parent":0,"menu_order":0,"comment_status":"closed","ping_status":"closed","template":"page-blank-title-center.php","meta":[],"aioseo_notices":[],"_links":{"self":[{"href":"https:\/\/allanatolian.com\/en\/wp-json\/wp\/v2\/pages\/5953"}],"collection":[{"href":"https:\/\/allanatolian.com\/en\/wp-json\/wp\/v2\/pages"}],"about":[{"href":"https:\/\/allanatolian.com\/en\/wp-json\/wp\/v2\/types\/page"}],"author":[{"embeddable":true,"href":"https:\/\/allanatolian.com\/en\/wp-json\/wp\/v2\/users\/1"}],"replies":[{"embeddable":true,"href":"https:\/\/allanatolian.com\/en\/wp-json\/wp\/v2\/comments?post=5953"}],"version-history":[{"count":4,"href":"https:\/\/allanatolian.com\/en\/wp-json\/wp\/v2\/pages\/5953\/revisions"}],"predecessor-version":[{"id":5957,"href":"https:\/\/allanatolian.com\/en\/wp-json\/wp\/v2\/pages\/5953\/revisions\/5957"}],"wp:attachment":[{"href":"https:\/\/allanatolian.com\/en\/wp-json\/wp\/v2\/media?parent=5953"}],"curies":[{"name":"wp","href":"https:\/\/api.w.org\/{rel}","templated":true}]}}