{"id":1974,"date":"2022-05-18T11:17:37","date_gmt":"2022-05-18T11:17:37","guid":{"rendered":"http:\/\/test.aysesener.com\/?post_type=product&#038;p=1974"},"modified":"2023-12-28T21:03:33","modified_gmt":"2023-12-28T21:03:33","slug":"bulent-yasar_cini-lale-zarf-acacagi","status":"publish","type":"product","link":"https:\/\/allanatolian.com\/en\/product\/bulent-yasar_cini-lale-zarf-acacagi\/","title":{"rendered":"Bone Envelope Opener &#8211; Tulip Pattern"},"content":{"rendered":"<p>Minyat\u00fcr ile ilgili bilgi.<\/p>\n","protected":false},"excerpt":{"rendered":"<p>Eski\u015fehir\u2019de B\u00fclent Ya\u015far taraf\u0131ndan deve kemi\u011fi \u00fczerine akrilikle elde boyanm\u0131\u015ft\u0131r.<\/p>\n<p>Bir y\u00fcz\u00fcnde Osmanl\u0131 minyat\u00fcr\u00fc, di\u011fer y\u00fcz\u00fcnde geleneksel T\u00fcrk \u00e7ini desenleri kullan\u0131lm\u0131\u015f, sap k\u0131sm\u0131 ise geleneksel T\u00fcrk s\u00fcsleme motifleriyle bezenmi\u015ftir.<\/p>\n<p>Ah\u015fap stand\u0131 ile beraber g\u00f6nderilecektir.<\/p>\n<p>En: 2.5 cm<br \/>\nBoy: 19 cm<\/p>\n<p>Yurt i\u00e7i al\u0131mlar\u0131n\u0131zda kargo \u00fccretsizdir.<\/p>\n","protected":false},"featured_media":2988,"template":"","meta":[],"product_cat":[233,177],"product_tag":[45,49,52,61,80,82,118,140],"aioseo_notices":[],"_links":{"self":[{"href":"https:\/\/allanatolian.com\/en\/wp-json\/wp\/v2\/product\/1974"}],"collection":[{"href":"https:\/\/allanatolian.com\/en\/wp-json\/wp\/v2\/product"}],"about":[{"href":"https:\/\/allanatolian.com\/en\/wp-json\/wp\/v2\/types\/product"}],"wp:featuredmedia":[{"embeddable":true,"href":"https:\/\/allanatolian.com\/en\/wp-json\/wp\/v2\/media\/2988"}],"wp:attachment":[{"href":"https:\/\/allanatolian.com\/en\/wp-json\/wp\/v2\/media?parent=1974"}],"wp:term":[{"taxonomy":"product_cat","embeddable":true,"href":"https:\/\/allanatolian.com\/en\/wp-json\/wp\/v2\/product_cat?post=1974"},{"taxonomy":"product_tag","embeddable":true,"href":"https:\/\/allanatolian.com\/en\/wp-json\/wp\/v2\/product_tag?post=1974"}],"curies":[{"name":"wp","href":"https:\/\/api.w.org\/{rel}","templated":true}]}}