{"id":2018,"date":"2022-05-18T11:58:15","date_gmt":"2022-05-18T11:58:15","guid":{"rendered":"http:\/\/test.aysesener.com\/?post_type=product&#038;p=2018"},"modified":"2023-12-28T21:03:34","modified_gmt":"2023-12-28T21:03:34","slug":"bulent-yasar-hat-yaprak-yasafi-2","status":"publish","type":"product","link":"https:\/\/allanatolian.com\/en\/product\/bulent-yasar-hat-yaprak-yasafi-2\/","title":{"rendered":"Calligraphy \u2013 Leaf Painting \u2013 Yasafi"},"content":{"rendered":"<p>Hat Sanat\u0131, \u0130slamiyetin ortaya \u00e7\u0131k\u0131\u015f\u0131ndan sonra kullan\u0131lmaya ba\u015flanan ve zamanla b\u00fct\u00fcn \u0130slam \u00e2lemine yay\u0131lan, Arap yaz\u0131s\u0131n\u0131 estetik \u00f6l\u00e7\u00fclere ba\u011fl\u0131 kal\u0131p g\u00fczel bir \u015fekilde yazma sanat\u0131na verilen add\u0131r. Bu sanat\u0131 icra edenlere Hattat denir.<\/p>\n","protected":false},"excerpt":{"rendered":"<p>Hat Sanat\u0131, \u0130slamiyetin ortaya \u00e7\u0131k\u0131\u015f\u0131ndan sonra kullan\u0131lmaya ba\u015flanan ve zamanla b\u00fct\u00fcn \u0130slam \u00e2lemine yay\u0131lan, Arap yaz\u0131s\u0131n\u0131 estetik \u00f6l\u00e7\u00fclere ba\u011fl\u0131 kal\u0131p g\u00fczel bir \u015fekilde yazma sanat\u0131na verilen add\u0131r. Bu sanat\u0131 icra edenlere Hattat denir.<\/p>\n","protected":false},"featured_media":3063,"template":"","meta":[],"product_cat":[15,233,161,177],"product_tag":[49,52,106,107,116,118,124,160,208,228],"aioseo_notices":[],"_links":{"self":[{"href":"https:\/\/allanatolian.com\/en\/wp-json\/wp\/v2\/product\/2018"}],"collection":[{"href":"https:\/\/allanatolian.com\/en\/wp-json\/wp\/v2\/product"}],"about":[{"href":"https:\/\/allanatolian.com\/en\/wp-json\/wp\/v2\/types\/product"}],"wp:featuredmedia":[{"embeddable":true,"href":"https:\/\/allanatolian.com\/en\/wp-json\/wp\/v2\/media\/3063"}],"wp:attachment":[{"href":"https:\/\/allanatolian.com\/en\/wp-json\/wp\/v2\/media?parent=2018"}],"wp:term":[{"taxonomy":"product_cat","embeddable":true,"href":"https:\/\/allanatolian.com\/en\/wp-json\/wp\/v2\/product_cat?post=2018"},{"taxonomy":"product_tag","embeddable":true,"href":"https:\/\/allanatolian.com\/en\/wp-json\/wp\/v2\/product_tag?post=2018"}],"curies":[{"name":"wp","href":"https:\/\/api.w.org\/{rel}","templated":true}]}}