{"id":2027,"date":"2022-05-18T12:00:24","date_gmt":"2022-05-18T12:00:24","guid":{"rendered":"http:\/\/test.aysesener.com\/?post_type=product&#038;p=2027"},"modified":"2026-02-08T20:52:44","modified_gmt":"2026-02-08T20:52:44","slug":"bulent-yasar_osmanli-toren-ati","status":"publish","type":"product","link":"https:\/\/allanatolian.com\/en\/product\/bulent-yasar_osmanli-toren-ati\/","title":{"rendered":"Calligraphy &#8211; Ottoman Ceremonial Horse"},"content":{"rendered":"<p>Hat Sanat\u0131, \u0130slamiyetin ortaya \u00e7\u0131k\u0131\u015f\u0131ndan sonra kullan\u0131lmaya ba\u015flanan ve zamanla b\u00fct\u00fcn \u0130slam \u00e2lemine yay\u0131lan, Arap yaz\u0131s\u0131n\u0131 estetik \u00f6l\u00e7\u00fclere ba\u011fl\u0131 kal\u0131p g\u00fczel bir \u015fekilde yazma sanat\u0131na verilen add\u0131r. Bu sanat\u0131 icra edenlere Hattat denir.<\/p>\n","protected":false},"excerpt":{"rendered":"<p>Osmanl\u0131 \u0130mparatorlu\u011fu d\u00f6nemi s\u00fcvari birli\u011fi t\u00f6ren atlar\u0131ndan esinlenilerek, B\u00fclent Ya\u015far taraf\u0131ndan Eski\u015fehir\u2019de ka\u011f\u0131t \u00fczerine akrilik ile elde boyanarak yap\u0131lm\u0131\u015ft\u0131r.<\/p>\n<p>\u00c7er\u00e7eveli \u00f6l\u00e7\u00fcs\u00fc: 41 x 51 cm<\/p>\n<p>Bu \u00fcr\u00fcn ile ilgili t\u00fcm detaylar \u00e7er\u00e7evenin arkas\u0131nda T\u00fcrk\u00e7e ve \u0130ngilizce olarak mevcuttur.<\/p>\n<p>Yurt i\u00e7i al\u0131mlar\u0131n\u0131zda kargo \u00fccretsizdir.<\/p>\n","protected":false},"featured_media":3052,"template":"","meta":[],"product_cat":[15,233,177],"product_tag":[49,52,55,57,107,113,118,160],"aioseo_notices":[],"_links":{"self":[{"href":"https:\/\/allanatolian.com\/en\/wp-json\/wp\/v2\/product\/2027"}],"collection":[{"href":"https:\/\/allanatolian.com\/en\/wp-json\/wp\/v2\/product"}],"about":[{"href":"https:\/\/allanatolian.com\/en\/wp-json\/wp\/v2\/types\/product"}],"wp:featuredmedia":[{"embeddable":true,"href":"https:\/\/allanatolian.com\/en\/wp-json\/wp\/v2\/media\/3052"}],"wp:attachment":[{"href":"https:\/\/allanatolian.com\/en\/wp-json\/wp\/v2\/media?parent=2027"}],"wp:term":[{"taxonomy":"product_cat","embeddable":true,"href":"https:\/\/allanatolian.com\/en\/wp-json\/wp\/v2\/product_cat?post=2027"},{"taxonomy":"product_tag","embeddable":true,"href":"https:\/\/allanatolian.com\/en\/wp-json\/wp\/v2\/product_tag?post=2027"}],"curies":[{"name":"wp","href":"https:\/\/api.w.org\/{rel}","templated":true}]}}