{"id":2081,"date":"2022-05-18T12:33:30","date_gmt":"2022-05-18T12:33:30","guid":{"rendered":"http:\/\/test.aysesener.com\/?post_type=product&#038;p=2081"},"modified":"2023-06-02T11:31:17","modified_gmt":"2023-06-02T11:31:17","slug":"goktug-gursoy-ikili-fincan-cini-balik","status":"publish","type":"product","link":"https:\/\/allanatolian.com\/en\/product\/goktug-gursoy-ikili-fincan-cini-balik\/","title":{"rendered":"Turkish Tile &#8211; Coffee Cup &#8211; Fish Pattern"},"content":{"rendered":"","protected":false},"excerpt":{"rendered":"<p>Bu fincan seti 18. Y\u00fczy\u0131l K\u00fctahya bal\u0131k motifleri kullan\u0131larak, G\u00f6ktu\u011f G\u00fcrsoy taraf\u0131ndan tasarlanm\u0131\u015f ve porselen \u00fczerine yap\u0131lm\u0131\u015ft\u0131r.<\/p>\n<p>Fincan y\u00fcksekli\u011fi: 8 cm<br \/>\nA\u011f\u0131z \u00e7ap\u0131: 6.5 cm<br \/>\nTabak \u00e7ap\u0131: 14 cm<\/p>\n<p>Orijinal kutusunda g\u00f6nderilecektir.<\/p>\n<p>Yiyecek-i\u00e7ecek t\u00fcketimine uygundur.<\/p>\n<p>Bula\u015f\u0131k makinesine dayan\u0131kl\u0131d\u0131r.<\/p>\n<p>Yurt i\u00e7i al\u0131mlar\u0131n\u0131zda kargo \u00fccretsizdir.<\/p>\n","protected":false},"featured_media":2857,"template":"","meta":[],"product_cat":[241,177,212],"product_tag":[61,71,87,100,107,118,176],"aioseo_notices":[],"_links":{"self":[{"href":"https:\/\/allanatolian.com\/en\/wp-json\/wp\/v2\/product\/2081"}],"collection":[{"href":"https:\/\/allanatolian.com\/en\/wp-json\/wp\/v2\/product"}],"about":[{"href":"https:\/\/allanatolian.com\/en\/wp-json\/wp\/v2\/types\/product"}],"wp:featuredmedia":[{"embeddable":true,"href":"https:\/\/allanatolian.com\/en\/wp-json\/wp\/v2\/media\/2857"}],"wp:attachment":[{"href":"https:\/\/allanatolian.com\/en\/wp-json\/wp\/v2\/media?parent=2081"}],"wp:term":[{"taxonomy":"product_cat","embeddable":true,"href":"https:\/\/allanatolian.com\/en\/wp-json\/wp\/v2\/product_cat?post=2081"},{"taxonomy":"product_tag","embeddable":true,"href":"https:\/\/allanatolian.com\/en\/wp-json\/wp\/v2\/product_tag?post=2081"}],"curies":[{"name":"wp","href":"https:\/\/api.w.org\/{rel}","templated":true}]}}