{"id":2107,"date":"2022-05-18T12:40:06","date_gmt":"2022-05-18T12:40:06","guid":{"rendered":"http:\/\/test.aysesener.com\/?post_type=product&#038;p=2107"},"modified":"2026-02-08T21:29:31","modified_gmt":"2026-02-08T21:29:31","slug":"mehmet-gursoy-18-cm-tabaklar-cini-lale-mavi","status":"publish","type":"product","link":"https:\/\/allanatolian.com\/en\/product\/mehmet-gursoy-18-cm-tabaklar-cini-lale-mavi\/","title":{"rendered":"Turkish Tile Plate &#8211; Tulip &amp; Rose Pattern &#8211; 18 cm"},"content":{"rendered":"<p>\u00c7ini gelecek<\/p>\n<p>Camalt\u0131 Sanat\u0131: Anadolu\u2019daki Kullan\u0131m\u0131 \u00c7ok Daha Eskilere Dayansa Da \u00d6zellikle 18. Y\u00fczy\u0131l ve Sonras\u0131nda Yo\u011fun Olarak Kullan\u0131lm\u0131\u015f Bir Cam S\u00fcsleme Sanat\u0131d\u0131r. Resim Sanat\u0131n\u0131n Tersine \u00d6nce K\u00fc\u00e7\u00fck Detaylar, Ard\u0131ndan Ana Renkler Boyanarak Yap\u0131l\u0131r. \u00c7izilip Boyanan Desenler Son Olarak Koyu K\u0131vaml\u0131 Bir Fon Boyas\u0131 \u0130le Kapat\u0131l\u0131r ve G\u00f6r\u00fcnmez Hale Gelir. Cam\u0131n Di\u011fer Y\u00fcz\u00fc \u00c7evrildi\u011finde Desen B\u00fct\u00fcn Canl\u0131l\u0131\u011f\u0131yla Ortaya \u00c7\u0131kar.<\/p>\n","protected":false},"excerpt":{"rendered":"<p>\u00c7ini gelecek Camalt\u0131 Sanat\u0131: Anadolu\u2019daki Kullan\u0131m\u0131 \u00c7ok Daha Eskilere Dayansa Da \u00d6zellikle 18. Y\u00fczy\u0131l ve Sonras\u0131nda Yo\u011fun Olarak Kullan\u0131lm\u0131\u015f Bir Cam S\u00fcsleme Sanat\u0131d\u0131r. Resim Sanat\u0131n\u0131n Tersine \u00d6nce K\u00fc\u00e7\u00fck Detaylar, Ard\u0131ndan Ana Renkler Boyanarak Yap\u0131l\u0131r. \u00c7izilip Boyanan Desenler Son Olarak Koyu K\u0131vaml\u0131 Bir Fon Boyas\u0131 \u0130le Kapat\u0131l\u0131r ve G\u00f6r\u00fcnmez Hale Gelir. Cam\u0131n Di\u011fer Y\u00fcz\u00fc \u00c7evrildi\u011finde Desen [&#8230;]\n","protected":false},"featured_media":3231,"template":"","meta":[],"product_cat":[245,177,212],"product_tag":[61,123,137,138],"aioseo_notices":[],"_links":{"self":[{"href":"https:\/\/allanatolian.com\/en\/wp-json\/wp\/v2\/product\/2107"}],"collection":[{"href":"https:\/\/allanatolian.com\/en\/wp-json\/wp\/v2\/product"}],"about":[{"href":"https:\/\/allanatolian.com\/en\/wp-json\/wp\/v2\/types\/product"}],"wp:featuredmedia":[{"embeddable":true,"href":"https:\/\/allanatolian.com\/en\/wp-json\/wp\/v2\/media\/3231"}],"wp:attachment":[{"href":"https:\/\/allanatolian.com\/en\/wp-json\/wp\/v2\/media?parent=2107"}],"wp:term":[{"taxonomy":"product_cat","embeddable":true,"href":"https:\/\/allanatolian.com\/en\/wp-json\/wp\/v2\/product_cat?post=2107"},{"taxonomy":"product_tag","embeddable":true,"href":"https:\/\/allanatolian.com\/en\/wp-json\/wp\/v2\/product_tag?post=2107"}],"curies":[{"name":"wp","href":"https:\/\/api.w.org\/{rel}","templated":true}]}}