{"id":211,"date":"2013-06-07T11:38:12","date_gmt":"2013-06-07T11:38:12","guid":{"rendered":"http:\/\/demo2.woothemes.com\/woocommerce\/?post_type=product&#038;p=99"},"modified":"2024-07-12T14:06:58","modified_gmt":"2024-07-12T14:06:58","slug":"woo-single-2","status":"publish","type":"product","link":"https:\/\/allanatolian.com\/en\/product\/woo-single-2\/","title":{"rendered":"Ottoman Engraving &#8211; Topkap\u0131 Palace"},"content":{"rendered":"","protected":false},"excerpt":{"rendered":"<p>&#8220;Chapelle du Serail, relique du prophete&#8221; (Topkapi Palace in Istanbul, last capital of Ottoman Empire).<\/p>\n<p>Engraved by Thienon, for the book of J.M.Jouannin &amp;amp; J.Van Gaver&#8217;s, Turquie, published by Firmin Didot Freres in 1840.<\/p>\n<p>Framed size: 28&#215;32 cm<\/p>\n<p>&nbsp;<\/p>\n<p>All deta\u0130ls about th\u0130s product are ava\u0130lable beh\u0130nd the frame \u0130n Engl\u0130sh.<\/p>\n<p>To preseve \u0130ts or\u0130g\u0130nal state \u0130t has been framed us\u0130ng ac\u0130d free mat and ac\u0130d free glass.<\/p>\n","protected":false},"featured_media":2768,"template":"","meta":[],"product_cat":[237,91,177],"product_tag":[38,79,117,155,160,208],"aioseo_notices":[],"_links":{"self":[{"href":"https:\/\/allanatolian.com\/en\/wp-json\/wp\/v2\/product\/211"}],"collection":[{"href":"https:\/\/allanatolian.com\/en\/wp-json\/wp\/v2\/product"}],"about":[{"href":"https:\/\/allanatolian.com\/en\/wp-json\/wp\/v2\/types\/product"}],"wp:featuredmedia":[{"embeddable":true,"href":"https:\/\/allanatolian.com\/en\/wp-json\/wp\/v2\/media\/2768"}],"wp:attachment":[{"href":"https:\/\/allanatolian.com\/en\/wp-json\/wp\/v2\/media?parent=211"}],"wp:term":[{"taxonomy":"product_cat","embeddable":true,"href":"https:\/\/allanatolian.com\/en\/wp-json\/wp\/v2\/product_cat?post=211"},{"taxonomy":"product_tag","embeddable":true,"href":"https:\/\/allanatolian.com\/en\/wp-json\/wp\/v2\/product_tag?post=211"}],"curies":[{"name":"wp","href":"https:\/\/api.w.org\/{rel}","templated":true}]}}