{"id":2111,"date":"2022-05-18T12:40:50","date_gmt":"2022-05-18T12:40:50","guid":{"rendered":"http:\/\/test.aysesener.com\/?post_type=product&#038;p=2111"},"modified":"2026-02-08T21:29:22","modified_gmt":"2026-02-08T21:29:22","slug":"mehmet-gursoy-18-cm-tabaklar_cini-lale-beyaz","status":"publish","type":"product","link":"https:\/\/allanatolian.com\/en\/product\/mehmet-gursoy-18-cm-tabaklar_cini-lale-beyaz\/","title":{"rendered":"Turkish Tile Plate &#8211; Tulip Pattern &#8211; 18 cm"},"content":{"rendered":"<p>T\u00fcrk \u00c7ini Sanat\u0131 bin y\u0131l\u0131 a\u015fk\u0131n bir ge\u00e7mi\u015fe sahip olmakla beraber, en parlak d\u00f6nemini 16. ve 17. Y\u00fczy\u0131llarda \u0130znik\u2019te ya\u015fam\u0131\u015ft\u0131r. 15. Y\u00fczy\u0131lda \u00c7in porselenlerinin kopya edilmesiyle ba\u015flayan T\u00fcrk \u00c7ini Sanat\u0131, 16. Y\u00fczy\u0131lda geleneksel T\u00fcrk motiflerinin kullan\u0131lmas\u0131yla ve motiflerin s\u0131r alt\u0131 olarak boyanmas\u0131yla d\u00fcnyada benzeri olmayan bir sanat \u00fcr\u00fcn\u00fc haline gelmi\u015ftir.<\/p>\n","protected":false},"excerpt":{"rendered":"<p>T\u00fcrk \u00c7ini Sanat\u0131 bin y\u0131l\u0131 a\u015fk\u0131n bir ge\u00e7mi\u015fe sahip olmakla beraber, en parlak d\u00f6nemini 16. ve 17. Y\u00fczy\u0131llarda \u0130znik\u2019te ya\u015fam\u0131\u015ft\u0131r. 15. Y\u00fczy\u0131lda \u00c7in porselenlerinin kopya edilmesiyle ba\u015flayan T\u00fcrk \u00c7ini Sanat\u0131, 16. Y\u00fczy\u0131lda geleneksel T\u00fcrk motiflerinin kullan\u0131lmas\u0131yla ve motiflerin s\u0131r alt\u0131 olarak boyanmas\u0131yla d\u00fcnyada benzeri olmayan bir sanat \u00fcr\u00fcn\u00fc haline gelmi\u015ftir.<\/p>\n","protected":false},"featured_media":3225,"template":"","meta":[],"product_cat":[245,177,212],"product_tag":[61,107,118,138,173,207],"aioseo_notices":[],"_links":{"self":[{"href":"https:\/\/allanatolian.com\/en\/wp-json\/wp\/v2\/product\/2111"}],"collection":[{"href":"https:\/\/allanatolian.com\/en\/wp-json\/wp\/v2\/product"}],"about":[{"href":"https:\/\/allanatolian.com\/en\/wp-json\/wp\/v2\/types\/product"}],"wp:featuredmedia":[{"embeddable":true,"href":"https:\/\/allanatolian.com\/en\/wp-json\/wp\/v2\/media\/3225"}],"wp:attachment":[{"href":"https:\/\/allanatolian.com\/en\/wp-json\/wp\/v2\/media?parent=2111"}],"wp:term":[{"taxonomy":"product_cat","embeddable":true,"href":"https:\/\/allanatolian.com\/en\/wp-json\/wp\/v2\/product_cat?post=2111"},{"taxonomy":"product_tag","embeddable":true,"href":"https:\/\/allanatolian.com\/en\/wp-json\/wp\/v2\/product_tag?post=2111"}],"curies":[{"name":"wp","href":"https:\/\/api.w.org\/{rel}","templated":true}]}}