{"id":212,"date":"2013-06-07T11:37:23","date_gmt":"2013-06-07T11:37:23","guid":{"rendered":"http:\/\/demo2.woothemes.com\/woocommerce\/?post_type=product&#038;p=96"},"modified":"2025-02-24T10:49:03","modified_gmt":"2025-02-24T10:49:03","slug":"woo-album-4","status":"publish","type":"product","link":"https:\/\/allanatolian.com\/en\/product\/woo-album-4\/","title":{"rendered":"Ottoman Engraving &#8211; City of K\u00fctahya"},"content":{"rendered":"","protected":false},"excerpt":{"rendered":"<p>&#8220;Kiutahia&#8221; (K\u00fctahya, in western Anatolia).<\/p>\n<p>Engraved by Schwarzem Meere in 1889.<\/p>\n<p>Framed size: 26&#215;29 cm<\/p>\n<p>&nbsp;<\/p>\n<p>All deta\u0130ls about th\u0130s product are ava\u0130lable beh\u0130nd the frame \u0130n Engl\u0130sh.<\/p>\n<p>To preseve \u0130ts or\u0130g\u0130nal state \u0130t has been framed us\u0130ng ac\u0130d free mat and ac\u0130d free glass.<\/p>\n","protected":false},"featured_media":2771,"template":"","meta":[],"product_cat":[237,91,177],"product_tag":[38,79,117,155,160,208],"aioseo_notices":[],"_links":{"self":[{"href":"https:\/\/allanatolian.com\/en\/wp-json\/wp\/v2\/product\/212"}],"collection":[{"href":"https:\/\/allanatolian.com\/en\/wp-json\/wp\/v2\/product"}],"about":[{"href":"https:\/\/allanatolian.com\/en\/wp-json\/wp\/v2\/types\/product"}],"wp:featuredmedia":[{"embeddable":true,"href":"https:\/\/allanatolian.com\/en\/wp-json\/wp\/v2\/media\/2771"}],"wp:attachment":[{"href":"https:\/\/allanatolian.com\/en\/wp-json\/wp\/v2\/media?parent=212"}],"wp:term":[{"taxonomy":"product_cat","embeddable":true,"href":"https:\/\/allanatolian.com\/en\/wp-json\/wp\/v2\/product_cat?post=212"},{"taxonomy":"product_tag","embeddable":true,"href":"https:\/\/allanatolian.com\/en\/wp-json\/wp\/v2\/product_tag?post=212"}],"curies":[{"name":"wp","href":"https:\/\/api.w.org\/{rel}","templated":true}]}}