{"id":3389,"date":"2022-08-25T12:46:19","date_gmt":"2022-08-25T12:46:19","guid":{"rendered":"http:\/\/enallanatolian.anatoliantreasure.com\/?post_type=product&#038;p=3389"},"modified":"2026-02-08T21:07:40","modified_gmt":"2026-02-08T21:07:40","slug":"cini-nar-uzeri-cicek-deseni","status":"publish","type":"product","link":"https:\/\/allanatolian.com\/en\/product\/cini-nar-uzeri-cicek-deseni\/","title":{"rendered":"\u00c7ini Nar \u00fczeri \u00c7i\u00e7ek deseni"},"content":{"rendered":"","protected":false},"excerpt":{"rendered":"","protected":false},"featured_media":3391,"template":"","meta":[],"product_cat":[195,213],"product_tag":[],"aioseo_notices":[],"_links":{"self":[{"href":"https:\/\/allanatolian.com\/en\/wp-json\/wp\/v2\/product\/3389"}],"collection":[{"href":"https:\/\/allanatolian.com\/en\/wp-json\/wp\/v2\/product"}],"about":[{"href":"https:\/\/allanatolian.com\/en\/wp-json\/wp\/v2\/types\/product"}],"wp:featuredmedia":[{"embeddable":true,"href":"https:\/\/allanatolian.com\/en\/wp-json\/wp\/v2\/media\/3391"}],"wp:attachment":[{"href":"https:\/\/allanatolian.com\/en\/wp-json\/wp\/v2\/media?parent=3389"}],"wp:term":[{"taxonomy":"product_cat","embeddable":true,"href":"https:\/\/allanatolian.com\/en\/wp-json\/wp\/v2\/product_cat?post=3389"},{"taxonomy":"product_tag","embeddable":true,"href":"https:\/\/allanatolian.com\/en\/wp-json\/wp\/v2\/product_tag?post=3389"}],"curies":[{"name":"wp","href":"https:\/\/api.w.org\/{rel}","templated":true}]}}