{"id":6251,"date":"2023-03-01T12:46:49","date_gmt":"2023-03-01T12:46:49","guid":{"rendered":"https:\/\/allanatolian.com\/en\/?post_type=product&#038;p=6251"},"modified":"2026-02-08T20:50:05","modified_gmt":"2026-02-08T20:50:05","slug":"istanbul-on-tree-map","status":"publish","type":"product","link":"https:\/\/allanatolian.com\/en\/product\/istanbul-on-tree-map\/","title":{"rendered":"Istanbul on Tree Map"},"content":{"rendered":"","protected":false},"excerpt":{"rendered":"<p>Original works in Ottoman cartograhy were revealed in the first half of the 16th century.<br \/>\nThe examples that directed Ottoman cartridge to the end of this century consist of works of eastern and western sources.<br \/>\nPiri Reis is the most important known name of 16th century Ottoman cartridge.<br \/>\nThis Istanbul map is inspired from Piri Reis maps and hand painted with acrylic paintings on ash tree B\u00fclent Ya\u015far in Eski\u015fehir.<br \/>\nFramed size: 36&#215;50 cm<\/p>\n<p>All details about this product are available behind the frame in Turkish and English.<\/p>\n","protected":false},"featured_media":6252,"template":"","meta":[],"product_cat":[15,233,177],"product_tag":[],"aioseo_notices":[],"_links":{"self":[{"href":"https:\/\/allanatolian.com\/en\/wp-json\/wp\/v2\/product\/6251"}],"collection":[{"href":"https:\/\/allanatolian.com\/en\/wp-json\/wp\/v2\/product"}],"about":[{"href":"https:\/\/allanatolian.com\/en\/wp-json\/wp\/v2\/types\/product"}],"wp:featuredmedia":[{"embeddable":true,"href":"https:\/\/allanatolian.com\/en\/wp-json\/wp\/v2\/media\/6252"}],"wp:attachment":[{"href":"https:\/\/allanatolian.com\/en\/wp-json\/wp\/v2\/media?parent=6251"}],"wp:term":[{"taxonomy":"product_cat","embeddable":true,"href":"https:\/\/allanatolian.com\/en\/wp-json\/wp\/v2\/product_cat?post=6251"},{"taxonomy":"product_tag","embeddable":true,"href":"https:\/\/allanatolian.com\/en\/wp-json\/wp\/v2\/product_tag?post=6251"}],"curies":[{"name":"wp","href":"https:\/\/api.w.org\/{rel}","templated":true}]}}