{"id":6286,"date":"2023-06-14T12:36:39","date_gmt":"2023-06-14T12:36:39","guid":{"rendered":"https:\/\/allanatolian.com\/en\/?post_type=product&#038;p=6286"},"modified":"2026-02-08T20:48:57","modified_gmt":"2026-02-08T20:48:57","slug":"galleon-on-mother-of-pearl-3","status":"publish","type":"product","link":"https:\/\/allanatolian.com\/en\/product\/galleon-on-mother-of-pearl-3\/","title":{"rendered":"Galleon on Mother of Pearl"},"content":{"rendered":"","protected":false},"excerpt":{"rendered":"<p>The Turks saw the sea for the first time on their arrival to Anatolia.<br \/>\nThe color of deep blue evoked them the feeling of infinity and the ship symbolized the freedom in it.<br \/>\nDuring the 16th century, Ottoman empire was on its peak period in terms of their sovereignyt over the seas.<br \/>\nTherefore, the ship design was widely used on Iznik tiles and embroideries.<br \/>\nThis framed 16 th century ship pattern is hand painted with acrylic paintings on mother of pearly By B\u00fclent Ya\u015far in Eski\u015fehir.<br \/>\nFramed size: 30&#215;38 cm<\/p>\n<p>All details about this product are available behind the frame in Turkish and English.<\/p>\n","protected":false},"featured_media":6287,"template":"","meta":[],"product_cat":[15,233,177],"product_tag":[],"aioseo_notices":[],"_links":{"self":[{"href":"https:\/\/allanatolian.com\/en\/wp-json\/wp\/v2\/product\/6286"}],"collection":[{"href":"https:\/\/allanatolian.com\/en\/wp-json\/wp\/v2\/product"}],"about":[{"href":"https:\/\/allanatolian.com\/en\/wp-json\/wp\/v2\/types\/product"}],"wp:featuredmedia":[{"embeddable":true,"href":"https:\/\/allanatolian.com\/en\/wp-json\/wp\/v2\/media\/6287"}],"wp:attachment":[{"href":"https:\/\/allanatolian.com\/en\/wp-json\/wp\/v2\/media?parent=6286"}],"wp:term":[{"taxonomy":"product_cat","embeddable":true,"href":"https:\/\/allanatolian.com\/en\/wp-json\/wp\/v2\/product_cat?post=6286"},{"taxonomy":"product_tag","embeddable":true,"href":"https:\/\/allanatolian.com\/en\/wp-json\/wp\/v2\/product_tag?post=6286"}],"curies":[{"name":"wp","href":"https:\/\/api.w.org\/{rel}","templated":true}]}}